{"id":11,"date":"2020-10-13T17:55:26","date_gmt":"2020-10-13T15:55:26","guid":{"rendered":"https:\/\/kaspartechnik.ch\/?page_id=11"},"modified":"2021-06-04T18:28:37","modified_gmt":"2021-06-04T16:28:37","slug":"kaspar","status":"publish","type":"page","link":"https:\/\/kaspartechnik.ch\/","title":{"rendered":"Guten Tag!"},"content":{"rendered":"\n<p>Wilkommen bei Kaspar Technik GmbH! Ihrem Anbieter f\u00fcr Technischen Support von Theater, Tanz, Konzerten, Kunstaktionen und Festen.<\/p>\n\n\n\n<p>Gerne beraten wir Sie pers\u00f6nlich. Und finden Ihre spezifische L\u00f6sung passend zu Ihrem Projekt. Ob Planung, Aufbau, Durchf\u00fchrung oder nur Dry Hire, oder alles zusammen, ganz nach Ihrem Wunsch.<\/p>\n\n\n\n<div class=\"wp-block-columns is-layout-flex wp-container-core-columns-is-layout-9d6595d7 wp-block-columns-is-layout-flex\">\n<div class=\"wp-block-column is-layout-flow wp-block-column-is-layout-flow\">\n<p>under construction<\/p>\n<\/div>\n\n\n\n<div class=\"wp-block-column is-layout-flow wp-block-column-is-layout-flow\">\n<p><\/p>\n<\/div>\n\n\n\n<div class=\"wp-block-column is-layout-flow wp-block-column-is-layout-flow\">\n<p>Wer?<\/p>\n\n\n\n<p>Seit 2011 bis 2019 als Gesch\u00e4ftsf\u00fchrer der sublicht GmbH t\u00e4tig, mache ich mich auf zu neuen Ufern. Zusammen mit befreundeten TechnikerInnen* und den Dingen, die von sublicht GmbH mitkommen ins neue Unternehmen, Startete Kaspar Technik GmbH die Gesch\u00e4ftst\u00e4tigkeit mitte 2020.<\/p>\n\n\n\n<figure class=\"wp-block-image size-large is-resized is-style-default\"><img loading=\"lazy\" decoding=\"async\" src=\"https:\/\/kaspartechnik.ch\/wp-content\/uploads\/2021\/05\/CO_20210307_KatyShooting9056-683x1024.jpg\" alt=\"Kaspar Sch\u00e4rer\" class=\"wp-image-76\" width=\"342\" height=\"512\"\/><figcaption>Kaspar Sch\u00e4rer<\/figcaption><\/figure>\n<\/div>\n<\/div>\n\n\n\n<p><\/p>\n\n\n\n<p><\/p>\n","protected":false},"excerpt":{"rendered":"<p>Wilkommen bei Kaspar Technik GmbH! Ihrem Anbieter f\u00fcr Technischen Support von Theater, Tanz, Konzerten, Kunstaktionen und Festen. Gerne beraten wir<\/p>\n<p><a href=\"https:\/\/kaspartechnik.ch\/\" class=\"more-link\">Continue reading<span class=\"screen-reader-text\">Guten Tag!<\/span><\/a><\/p>\n","protected":false},"author":1,"featured_media":0,"parent":0,"menu_order":0,"comment_status":"closed","ping_status":"closed","template":"","meta":{"footnotes":""},"class_list":["post-11","page","type-page","status-publish","hentry"],"_links":{"self":[{"href":"https:\/\/kaspartechnik.ch\/index.php?rest_route=\/wp\/v2\/pages\/11","targetHints":{"allow":["GET"]}}],"collection":[{"href":"https:\/\/kaspartechnik.ch\/index.php?rest_route=\/wp\/v2\/pages"}],"about":[{"href":"https:\/\/kaspartechnik.ch\/index.php?rest_route=\/wp\/v2\/types\/page"}],"author":[{"embeddable":true,"href":"https:\/\/kaspartechnik.ch\/index.php?rest_route=\/wp\/v2\/users\/1"}],"replies":[{"embeddable":true,"href":"https:\/\/kaspartechnik.ch\/index.php?rest_route=%2Fwp%2Fv2%2Fcomments&post=11"}],"version-history":[{"count":6,"href":"https:\/\/kaspartechnik.ch\/index.php?rest_route=\/wp\/v2\/pages\/11\/revisions"}],"predecessor-version":[{"id":95,"href":"https:\/\/kaspartechnik.ch\/index.php?rest_route=\/wp\/v2\/pages\/11\/revisions\/95"}],"wp:attachment":[{"href":"https:\/\/kaspartechnik.ch\/index.php?rest_route=%2Fwp%2Fv2%2Fmedia&parent=11"}],"curies":[{"name":"wp","href":"https:\/\/api.w.org\/{rel}","templated":true}]}}